{"id":5101,"date":"2025-05-16T13:56:53","date_gmt":"2025-05-16T12:56:53","guid":{"rendered":"https:\/\/deportes.elhierro.es\/?page_id=5101"},"modified":"2025-05-16T14:10:16","modified_gmt":"2025-05-16T13:10:16","slug":"inscriptions-insert","status":"publish","type":"page","link":"https:\/\/deportes.elhierro.es\/en\/inscriptions-insert\/","title":{"rendered":"(Espa\u00f1ol) Confirmaci\u00f3n de inscripci\u00f3n"},"content":{"rendered":"","protected":false},"excerpt":{"rendered":"","protected":false},"author":1,"featured_media":0,"parent":0,"menu_order":0,"comment_status":"closed","ping_status":"closed","template":"page-inscriptions.php","meta":{"_acf_changed":false,"footnotes":""},"acf":[],"_links":{"self":[{"href":"https:\/\/deportes.elhierro.es\/en\/wp-json\/wp\/v2\/pages\/5101"}],"collection":[{"href":"https:\/\/deportes.elhierro.es\/en\/wp-json\/wp\/v2\/pages"}],"about":[{"href":"https:\/\/deportes.elhierro.es\/en\/wp-json\/wp\/v2\/types\/page"}],"author":[{"embeddable":true,"href":"https:\/\/deportes.elhierro.es\/en\/wp-json\/wp\/v2\/users\/1"}],"replies":[{"embeddable":true,"href":"https:\/\/deportes.elhierro.es\/en\/wp-json\/wp\/v2\/comments?post=5101"}],"version-history":[{"count":1,"href":"https:\/\/deportes.elhierro.es\/en\/wp-json\/wp\/v2\/pages\/5101\/revisions"}],"predecessor-version":[{"id":5102,"href":"https:\/\/deportes.elhierro.es\/en\/wp-json\/wp\/v2\/pages\/5101\/revisions\/5102"}],"wp:attachment":[{"href":"https:\/\/deportes.elhierro.es\/en\/wp-json\/wp\/v2\/media?parent=5101"}],"curies":[{"name":"wp","href":"https:\/\/api.w.org\/{rel}","templated":true}]}}